{"id":62,"date":"2019-03-25T15:06:46","date_gmt":"2019-03-25T14:06:46","guid":{"rendered":"https:\/\/doser-it.de\/index.php\/mesmerize\/"},"modified":"2025-05-22T10:38:33","modified_gmt":"2025-05-22T08:38:33","slug":"mesmerize","status":"publish","type":"page","link":"https:\/\/doser-it.de\/","title":{"rendered":"Doser IT solutions"},"content":{"rendered":"<div id=\"features-2\" class=\"features-ov-4-mc content-section content-section-spacing\" style=\"background-color: #ffffff; background-image: none;\" data-label=\"Features\" data-id=\"features-ov-4-mc\" data-export-id=\"features-ov-4-mc\" data-category=\"features\">\n<div class=\"gridContainer\">\n<div class=\"row spaced-cols text-center\" data-type=\"row\">\n<div class=\"col-xs-12 col-sm-4 col-padding yp_onscreen\"><i class=\"fa icon shadow-large-black aligncenter color1 fa-laptop reverse round large\"><\/i>\n<div class=\"\" data-type=\"column\">\n<h5 class=\"font-400\">PC Hilfe<\/h5>\n<p class=\"\">Programme starten nicht.\n\nWLAN \/ Windows streikt.\n\nSoftware-Installation\nPasswort vergessen\u2026.<\/p>\n\n<\/div>\n<\/div>\n<div class=\"col-xs-12 col-sm-4 col-padding yp_onscreen\"><i class=\"fa icon shadow-large-black aligncenter color2 fa-wrench reverse round large\"><\/i>\n<div class=\"\" data-type=\"column\">\n<h5 class=\"font-400\">PC Reparaturen<\/h5>\n<p class=\"\">Rechner startet nicht mehr.\n\nDatentr\u00e4ger defekt.\nInternetverbindung nicht funktionabel\u2026<\/p>\n\n<\/div>\n<\/div>\n<div class=\"col-xs-12 col-sm-4 col-padding yp_onscreen\"><i class=\"fa icon shadow-large-black aligncenter color4 fa-ambulance reverse round large\"><\/i>\n<div class=\"\" data-type=\"column\">\n<h5 class=\"font-400\">Datenrettung<\/h5>\n<p class=\"\">Festplatte startet nicht.<\/p>\n\nDatensicherungen\n\u00dcbertragen von Daten zwischen PCs\n\nSpeicherkarte defekt\u2026.\n\n<\/div>\n<\/div>\n<\/div>\n<\/div>\n<\/div>\n<div id=\"content-1\" class=\"content-12 content-section content-section-spacing\" style=\"background-color: #ffffff;\" data-label=\"Content\" data-id=\"content--1\" data-export-id=\"content-12\" data-category=\"content\">\n<div class=\"gridContainer\">\n<div class=\"row text-center\">\n<div class=\"section-title-col\" data-type=\"column\">\n<h2 class=\"yp_onscreen\">Alles zu einem fairen Preis:\u00a0 60 \u20ac\/Std.<\/h2>\n<\/div>\n<\/div>\n<div class=\"row center-xs middle-xs\">\n<div class=\"col-sm-9\" data-type=\"column\"><\/div>\n<\/div>\n<\/div>\n<\/div>\n<div id=\"contact-1\" class=\"contact-1-mc content-section content-section-spacing white-text\" style=\"background-color: #ffffff; background-image: url('https:\/\/doser-it.de\/wp-content\/uploads\/2019\/03\/network-cables-6000x4000_22371.jpg'); background-size: cover; background-position: center top;\" data-label=\"Contact\" data-id=\"contact-1-mc\" data-export-id=\"contact-1-mc\" data-category=\"contact\" data-parallax-depth=\"20\">\n<div class=\"gridContainer\">\n<div class=\"row text-center\">\n<div class=\"section-title-col\" data-type=\"column\">\n<h2 class=\"yp_onscreen\">Hockenheim\u00a0 06205 2590810\u00a0 Heidelberger Str. 43<\/h2>\n<p class=\"\">\u00d6ffnungszeiten: Mo-Fr 10.00 \u2013 12.00 Uhr 15.00 \u2013 18.00 Uhr\u00a0\u00a0\u00a0 Sa 11.00-15.00 Uhr\n\noder Vor-Ort-Termin vereinbaren<\/p>\n<p class=\"\">Zum Direktanw\u00e4hlen\u00a0 hier dr\u00fccken: <code>+4962052590810<\/code><\/p>\n\n<\/div>\n<\/div>\n<div class=\"row text-center\">\n<div class=\"col-xs-12 col-sm-8 col-sm-offset-2 contact-form-wrapper inline-info\">\n<div class=\"card large-padding\">\n<div class=\"\" data-content-shortcode=\"mesmerize_contact_form shortcode=&quot;wpforms id=&amp;amp;quot;79&amp;amp;quot;&quot;\" data-editable=\"true\"><div class=\"wpforms-container wpforms-container-full\" id=\"wpforms-79\"><form id=\"wpforms-form-79\" class=\"wpforms-validate wpforms-form\" data-formid=\"79\" method=\"post\" enctype=\"multipart\/form-data\" action=\"\/index.php\/wp-json\/wp\/v2\/pages\/62\" data-token=\"bbbc52159533edd07e948c9ff73780ea\" data-token-time=\"1776389191\"><noscript class=\"wpforms-error-noscript\">Bitte aktiviere JavaScript in deinem Browser, um dieses Formular fertigzustellen.<\/noscript><div class=\"wpforms-field-container\"><div id=\"wpforms-79-field_0-container\" class=\"wpforms-field wpforms-field-name\" data-field-id=\"0\"><label class=\"wpforms-field-label\">Name <span class=\"wpforms-required-label\">*<\/span><\/label><div class=\"wpforms-field-row wpforms-field-large\"><div class=\"wpforms-field-row-block wpforms-first wpforms-one-half\"><input type=\"text\" id=\"wpforms-79-field_0\" class=\"wpforms-field-name-first wpforms-field-required\" name=\"wpforms[fields][0][first]\" required><label for=\"wpforms-79-field_0\" class=\"wpforms-field-sublabel after\">Vorname<\/label><\/div><div class=\"wpforms-field-row-block wpforms-one-half\"><input type=\"text\" id=\"wpforms-79-field_0-last\" class=\"wpforms-field-name-last wpforms-field-required\" name=\"wpforms[fields][0][last]\" required><label for=\"wpforms-79-field_0-last\" class=\"wpforms-field-sublabel after\">Nachname<\/label><\/div><\/div><\/div><div id=\"wpforms-79-field_3-container\" class=\"wpforms-field wpforms-field-text\" data-field-id=\"3\"><label class=\"wpforms-field-label\" for=\"wpforms-79-field_3\">Telefon<\/label><input type=\"text\" id=\"wpforms-79-field_3\" class=\"wpforms-field-large\" name=\"wpforms[fields][3]\" ><\/div><div id=\"wpforms-79-field_1-container\" class=\"wpforms-field wpforms-field-email\" data-field-id=\"1\"><label class=\"wpforms-field-label\" for=\"wpforms-79-field_1\">Email <span class=\"wpforms-required-label\">*<\/span><\/label><input type=\"email\" id=\"wpforms-79-field_1\" class=\"wpforms-field-large wpforms-field-required\" name=\"wpforms[fields][1]\" spellcheck=\"false\" required><\/div><div id=\"wpforms-79-field_2-container\" class=\"wpforms-field wpforms-field-textarea\" data-field-id=\"2\"><label class=\"wpforms-field-label\" for=\"wpforms-79-field_2\">Nachricht \/ Fehlerbeschreibung: <span class=\"wpforms-required-label\">*<\/span><\/label><textarea id=\"wpforms-79-field_2\" class=\"wpforms-field-small wpforms-field-required\" name=\"wpforms[fields][2]\" required><\/textarea><\/div><div id=\"wpforms-79-field_4-container\" class=\"wpforms-field wpforms-field-gdpr-checkbox\" data-field-id=\"4\"><label class=\"wpforms-field-label\">DSGVO-Einverst\u00e4ndnis (Datenschutz) <span class=\"wpforms-required-label\">*<\/span><\/label><ul id=\"wpforms-79-field_4\" class=\"wpforms-field-required\"><li class=\"choice-1\"><input type=\"checkbox\" id=\"wpforms-79-field_4_1\" name=\"wpforms[fields][4][]\" value=\"Ich willige ein, dass diese Website meine \u00fcbermittelten Informationen speichert, sodass meine Anfrage beantwortet werden kann. Mehr Informationen finden Sie in der &lt;a href=&quot;https:\/\/doser-it.de\/index.php\/datenschutzbestimmung\/\/&quot;&gt;Datenschutzbestimmung.&lt;\/a&gt;\" required ><label class=\"wpforms-field-label-inline\" for=\"wpforms-79-field_4_1\">Ich willige ein, dass diese Website meine \u00fcbermittelten Informationen speichert, sodass meine Anfrage beantwortet werden kann. Mehr Informationen finden Sie in der <a href=\"https:\/\/doser-it.de\/index.php\/datenschutzbestimmung\/\/\">Datenschutzbestimmung.<\/a><\/label><\/li><\/ul><\/div><\/div><!-- .wpforms-field-container --><div class=\"wpforms-field wpforms-field-hp\"><label for=\"wpforms-79-field-hp\" class=\"wpforms-field-label\">Comment<\/label><input type=\"text\" name=\"wpforms[hp]\" id=\"wpforms-79-field-hp\" class=\"wpforms-field-medium\"><\/div><div class=\"wpforms-recaptcha-container wpforms-is-recaptcha wpforms-is-recaptcha-type-v3\" ><input type=\"hidden\" name=\"wpforms[recaptcha]\" value=\"\"><\/div><div class=\"wpforms-submit-container\" ><input type=\"hidden\" name=\"wpforms[id]\" value=\"79\"><input type=\"hidden\" name=\"page_title\" value=\"\"><input type=\"hidden\" name=\"page_url\" value=\"https:\/\/doser-it.de\/index.php\/wp-json\/wp\/v2\/pages\/62\"><input type=\"hidden\" name=\"url_referer\" value=\"\"><button type=\"submit\" name=\"wpforms[submit]\" id=\"wpforms-submit-79\" class=\"wpforms-submit button color1\" data-alt-text=\"Senden...\" data-submit-text=\"Absenden\" aria-live=\"assertive\" value=\"wpforms-submit\">Absenden<\/button><\/div><\/form><\/div>  <!-- .wpforms-container --><\/div>\n<\/div>\n<\/div>\n<\/div>\n<\/div>\n<\/div>\n<div id=\"testimonials-1\" class=\"testimonials-5-mc content-section content-section-spacing\" style=\"background-color: #ffffff;\" data-label=\"Testimonials\" data-id=\"testimonials--1\" data-export-id=\"testimonials-5-mc\" data-category=\"testimonials\">\n<div class=\"gridContainer\">\n<div class=\"row\">\n<div class=\"section-title-col\" data-type=\"column\">\n<h2 class=\"yp_onscreen\">Kundenbewertungen<\/h2>\n<\/div>\n<\/div>\n<div class=\"row spaced-cols content-center-sm center-sm\" data-type=\"row\">\n<div class=\"col-sm-4\">\n<div class=\"card y-move bordered\" data-type=\"column\"><i class=\"fa fa-quote-right icon color1 small quotation-icon\"><\/i>\n<p class=\"text-center\">Doser IT betreut mich seit \u00fcber 3 Jahren im Bereich IT zufriedenstellend. Alle Probleme wurden zeitnah gel\u00f6st. Preis-Leistungsverh\u00e4ltnis ist top. Herr Doser bietet einen freundlichen Service.<\/p>\n<img decoding=\"async\" class=\"round icon\" title=\"FB-mitzkewitsch-small\" src=\"https:\/\/doser-it.de\/wp-content\/uploads\/2019\/03\/FB-mitzkewitsch-small.jpg\" alt=\"\" \/>\n<h6 class=\"\">Harry Mitzkewitsch<\/h6>\n<p class=\"small italic\">Stiletto Mode Hockenheim<\/p>\n\n<\/div>\n<\/div>\n<\/div>\n<\/div>\n<\/div>\n<div id=\"about-1\" class=\"about-9 content-section content-section-spacing\" style=\"background-color: #f5fafd;\" data-label=\"About\" data-id=\"about--1\" data-export-id=\"about-9\" data-category=\"about\">\n<div class=\"gridContainer\">\n<div class=\"row middle-sm text-center\">\n<div class=\"col-sm-5 space-bottom-xs content-column content-center-sm\" data-type=\"column\">\n<h5 class=\"\">\u00dcber mich<\/h5>\n<h2 class=\"\">Service und Erfahrung<\/h2>\n<p class=\"\">Seit mehr als zwei Jahrzehnten repariere ich erfolgreich PCs in Hockenheim und Umgebung.<\/p>\nAls gelernter IT Systemelektroniker und eh. Student der Informatik kenne ich effektive und zufriedenstellende L\u00f6sungswege f\u00fcr Ihr Computer-Problem.\n<p class=\"\">Zus\u00e4tzlich betreibe ich in Hockenheim\n\n\u201cErics Schatzkiste\u201d,\n\nder Laden f\u00fcr LEGO\u00ae- und Playmobil\u00ae-Spielwaren.<\/p>\n\n<\/div>\n<div class=\"col-sm-7 flexbox flexbox middle-xs center-xs space-bottom-xs\">\n<div class=\"overlay-box flexbox middle-xs center-xs overlay-holder \">\n<div class=\"overlay-box-offset offset-background shadow-medium bg-color2 hide-xs\"><\/div>\n<img decoding=\"async\" class=\"flexbox shadow-large img1\" title=\"cropped-Scan10002.jpg\" src=\"https:\/\/doser-it.de\/wp-content\/uploads\/2019\/03\/cropped-Scan10002.jpg\" alt=\"\" data-size=\"600x400\" \/>\n\n<\/div>\n<\/div>\n<\/div>\n<\/div>\n<\/div>","protected":false},"excerpt":{"rendered":"<p>PC Hilfe Programme starten nicht. WLAN \/ Windows streikt. Software-Installation Passwort vergessen\u2026. PC Reparaturen Rechner startet nicht mehr. Datentr\u00e4ger defekt. Internetverbindung nicht funktionabel\u2026 Datenrettung Festplatte startet nicht. Datensicherungen \u00dcbertragen von&hellip; <br \/> <a class=\"read-more\" href=\"https:\/\/doser-it.de\/\">Weiterlesen<\/a><\/p>\n","protected":false},"author":1,"featured_media":0,"parent":0,"menu_order":0,"comment_status":"closed","ping_status":"closed","template":"page-templates\/homepage.php","meta":{"_monsterinsights_skip_tracking":false,"_monsterinsights_sitenote_active":false,"_monsterinsights_sitenote_note":"","_monsterinsights_sitenote_category":0,"footnotes":""},"class_list":["post-62","page","type-page","status-publish","hentry"],"_links":{"self":[{"href":"https:\/\/doser-it.de\/index.php\/wp-json\/wp\/v2\/pages\/62","targetHints":{"allow":["GET"]}}],"collection":[{"href":"https:\/\/doser-it.de\/index.php\/wp-json\/wp\/v2\/pages"}],"about":[{"href":"https:\/\/doser-it.de\/index.php\/wp-json\/wp\/v2\/types\/page"}],"author":[{"embeddable":true,"href":"https:\/\/doser-it.de\/index.php\/wp-json\/wp\/v2\/users\/1"}],"replies":[{"embeddable":true,"href":"https:\/\/doser-it.de\/index.php\/wp-json\/wp\/v2\/comments?post=62"}],"version-history":[{"count":30,"href":"https:\/\/doser-it.de\/index.php\/wp-json\/wp\/v2\/pages\/62\/revisions"}],"predecessor-version":[{"id":167,"href":"https:\/\/doser-it.de\/index.php\/wp-json\/wp\/v2\/pages\/62\/revisions\/167"}],"wp:attachment":[{"href":"https:\/\/doser-it.de\/index.php\/wp-json\/wp\/v2\/media?parent=62"}],"curies":[{"name":"wp","href":"https:\/\/api.w.org\/{rel}","templated":true}]}}